{"id":724,"date":"2024-05-23T19:01:58","date_gmt":"2024-05-23T17:01:58","guid":{"rendered":"https:\/\/www.marie-bourdon-expressions.fr\/?page_id=724"},"modified":"2026-02-27T16:14:11","modified_gmt":"2026-02-27T15:14:11","slug":"pierre-de-lune-edition","status":"publish","type":"page","link":"https:\/\/www.marie-bourdon-expressions.fr\/index.php\/pierre-de-lune-edition\/","title":{"rendered":"Pierre de Lune \u00e9dition"},"content":{"rendered":"\n<p><strong>Pierre de Lune est l&rsquo;auto \u00e9dition que j&rsquo;ai cr\u00e9\u00e9e.<\/strong><\/p>\n\n\n\n<p><strong>Le lien de ma boutique en ligne <\/strong><\/p>\n\n\n\n<p><a href=\"https:\/\/domouk.com\/shop\/pierredelune\">https:\/\/domouk.com\/shop\/pierredelune<\/a><\/p>\n\n\n\n<p><\/p>\n\n\n\n<p><strong>Je r\u00e9dige \u00e9galement des BIOGRAPHIES qui peuvent \u00eatre publi\u00e9es<\/strong>.<\/p>\n\n\n\n<p>Vous pouvez retrouver mes publications Pierre de Lune \u00e9dition sur ma boutique en ligne avec le lien suivant : <a href=\"https:\/\/domouk.com\/shop\/pierredelune\">https:\/\/domouk.com\/shop\/pierredelune<\/a><\/p>\n\n\n\n<p><strong>mai 2025 : Travers\u00e9e&#8230;la sororit\u00e9 en \u00e9criture<\/strong><\/p>\n\n\n\n<figure class=\"wp-block-image size-full\"><img loading=\"lazy\" decoding=\"async\" width=\"870\" height=\"805\" src=\"https:\/\/www.marie-bourdon-expressions.fr\/wp-content\/uploads\/2026\/02\/article-OF-juin-2025.jpg\" alt=\"\" class=\"wp-image-1033\" srcset=\"https:\/\/www.marie-bourdon-expressions.fr\/wp-content\/uploads\/2026\/02\/article-OF-juin-2025.jpg 870w, https:\/\/www.marie-bourdon-expressions.fr\/wp-content\/uploads\/2026\/02\/article-OF-juin-2025-300x278.jpg 300w, https:\/\/www.marie-bourdon-expressions.fr\/wp-content\/uploads\/2026\/02\/article-OF-juin-2025-768x711.jpg 768w, https:\/\/www.marie-bourdon-expressions.fr\/wp-content\/uploads\/2026\/02\/article-OF-juin-2025-324x300.jpg 324w\" sizes=\"auto, (max-width: 870px) 100vw, 870px\" \/><\/figure>\n\n\n\n<figure class=\"wp-block-image size-large\"><img loading=\"lazy\" decoding=\"async\" width=\"1024\" height=\"771\" src=\"https:\/\/www.marie-bourdon-expressions.fr\/wp-content\/uploads\/2025\/06\/couvertures-Traversee-1-1024x771.jpg\" alt=\"\" class=\"wp-image-981\" srcset=\"https:\/\/www.marie-bourdon-expressions.fr\/wp-content\/uploads\/2025\/06\/couvertures-Traversee-1-1024x771.jpg 1024w, https:\/\/www.marie-bourdon-expressions.fr\/wp-content\/uploads\/2025\/06\/couvertures-Traversee-1-300x226.jpg 300w, https:\/\/www.marie-bourdon-expressions.fr\/wp-content\/uploads\/2025\/06\/couvertures-Traversee-1-768x578.jpg 768w, https:\/\/www.marie-bourdon-expressions.fr\/wp-content\/uploads\/2025\/06\/couvertures-Traversee-1-1536x1157.jpg 1536w, https:\/\/www.marie-bourdon-expressions.fr\/wp-content\/uploads\/2025\/06\/couvertures-Traversee-1-2048x1542.jpg 2048w, https:\/\/www.marie-bourdon-expressions.fr\/wp-content\/uploads\/2025\/06\/couvertures-Traversee-1-398x300.jpg 398w\" sizes=\"auto, (max-width: 1024px) 100vw, 1024px\" \/><\/figure>\n\n\n\n<p><strong>F\u00e9vrier 2024 : Huis clos de la salle d&rsquo;attente kin\u00e9<\/strong><\/p>\n\n\n\n<p>(reprise de Huis clos, paru aux \u00e9ditions Yellow Concept)<\/p>\n\n\n\n<figure class=\"wp-block-image size-large\"><img loading=\"lazy\" decoding=\"async\" width=\"1024\" height=\"802\" src=\"https:\/\/www.marie-bourdon-expressions.fr\/wp-content\/uploads\/2024\/05\/couverture-Huis-clos-1024x802.jpg\" alt=\"\" class=\"wp-image-904\" srcset=\"https:\/\/www.marie-bourdon-expressions.fr\/wp-content\/uploads\/2024\/05\/couverture-Huis-clos-1024x802.jpg 1024w, https:\/\/www.marie-bourdon-expressions.fr\/wp-content\/uploads\/2024\/05\/couverture-Huis-clos-300x235.jpg 300w, https:\/\/www.marie-bourdon-expressions.fr\/wp-content\/uploads\/2024\/05\/couverture-Huis-clos-768x602.jpg 768w, https:\/\/www.marie-bourdon-expressions.fr\/wp-content\/uploads\/2024\/05\/couverture-Huis-clos-1536x1204.jpg 1536w, https:\/\/www.marie-bourdon-expressions.fr\/wp-content\/uploads\/2024\/05\/couverture-Huis-clos-383x300.jpg 383w, https:\/\/www.marie-bourdon-expressions.fr\/wp-content\/uploads\/2024\/05\/couverture-Huis-clos.jpg 1557w\" sizes=\"auto, (max-width: 1024px) 100vw, 1024px\" \/><\/figure>\n\n\n\n<p>Sonnez et entrez \u2026 le kin\u00e9 est pr\u00e9venu.<br>Sous les feux de la rampe, la porte referm\u00e9e, cent paires d\u2019yeux velout\u00e9s vous effleurent sans vous voir. Et pourtant l\u2019on vous scrute. Pour un instant vous vous sentez d\u00e9cortiqu\u00e9, regard\u00e9, n\u00e9antis\u00e9\u2026<br>Ainsi devenez-vous Madame A, Monsieur B \u2026, une kyrielle de personnages atypiques que l\u2019auteur, espi\u00e8gle, se plait \u00e0 inventer, dans la salle d\u2019attente d\u2019un cabinet de kin\u00e9sith\u00e9rapeutes.<br>En quelques lignes, Marie Robin vous rhabille, vous transforme, vous met en situation d\u2019\u00eatre l\u00e0 et ailleurs. Vous devenez le clone de ce que vous pourriez \u00eatre r\u00e9ellement, celui-l\u00e0 m\u00eame que le lecteur se plaira \u00e0 imaginer, dans son quotidien, en dehors de ce huis clos m\u00e9dicalis\u00e9.<br>Par la magie des mots, la subtilit\u00e9 de l\u2019analyse, l\u2019auteur campe des personnages haut en couleur, souvent d\u00e9sesp\u00e9r\u00e9s, et quelquefois m\u00eame d\u00e9sesp\u00e9rants. Un r\u00e9gal d\u2019\u00e9criture.<\/p>\n\n\n\n<p><strong>D\u00e9cembre 2023 : Ailurophile, amie des chats et vous ? <\/strong><\/p>\n\n\n\n<figure class=\"wp-block-image size-large\"><img loading=\"lazy\" decoding=\"async\" width=\"593\" height=\"1024\" src=\"https:\/\/www.marie-bourdon-expressions.fr\/wp-content\/uploads\/2024\/05\/recto-couverture-Ailurophile-593x1024.jpg\" alt=\"\" class=\"wp-image-725\" srcset=\"https:\/\/www.marie-bourdon-expressions.fr\/wp-content\/uploads\/2024\/05\/recto-couverture-Ailurophile-593x1024.jpg 593w, https:\/\/www.marie-bourdon-expressions.fr\/wp-content\/uploads\/2024\/05\/recto-couverture-Ailurophile-174x300.jpg 174w, https:\/\/www.marie-bourdon-expressions.fr\/wp-content\/uploads\/2024\/05\/recto-couverture-Ailurophile.jpg 707w\" sizes=\"auto, (max-width: 593px) 100vw, 593px\" \/><\/figure>\n\n\n\n<p><\/p>\n\n\n\n<figure class=\"wp-block-image size-large\"><img loading=\"lazy\" decoding=\"async\" width=\"1024\" height=\"799\" src=\"https:\/\/www.marie-bourdon-expressions.fr\/wp-content\/uploads\/2024\/05\/Article_Quevert_Mardi_12_12_2023-1024x799.jpg\" alt=\"\" class=\"wp-image-906\" srcset=\"https:\/\/www.marie-bourdon-expressions.fr\/wp-content\/uploads\/2024\/05\/Article_Quevert_Mardi_12_12_2023-1024x799.jpg 1024w, https:\/\/www.marie-bourdon-expressions.fr\/wp-content\/uploads\/2024\/05\/Article_Quevert_Mardi_12_12_2023-300x234.jpg 300w, https:\/\/www.marie-bourdon-expressions.fr\/wp-content\/uploads\/2024\/05\/Article_Quevert_Mardi_12_12_2023-768x599.jpg 768w, https:\/\/www.marie-bourdon-expressions.fr\/wp-content\/uploads\/2024\/05\/Article_Quevert_Mardi_12_12_2023-384x300.jpg 384w, https:\/\/www.marie-bourdon-expressions.fr\/wp-content\/uploads\/2024\/05\/Article_Quevert_Mardi_12_12_2023.jpg 1188w\" sizes=\"auto, (max-width: 1024px) 100vw, 1024px\" \/><\/figure>\n\n\n\n<figure class=\"wp-block-image size-large\"><img loading=\"lazy\" decoding=\"async\" width=\"1024\" height=\"810\" src=\"https:\/\/www.marie-bourdon-expressions.fr\/wp-content\/uploads\/2024\/05\/couverture-Ailurophile_page-0001-1024x810.jpg\" alt=\"\" class=\"wp-image-907\" srcset=\"https:\/\/www.marie-bourdon-expressions.fr\/wp-content\/uploads\/2024\/05\/couverture-Ailurophile_page-0001-1024x810.jpg 1024w, https:\/\/www.marie-bourdon-expressions.fr\/wp-content\/uploads\/2024\/05\/couverture-Ailurophile_page-0001-300x237.jpg 300w, https:\/\/www.marie-bourdon-expressions.fr\/wp-content\/uploads\/2024\/05\/couverture-Ailurophile_page-0001-768x608.jpg 768w, https:\/\/www.marie-bourdon-expressions.fr\/wp-content\/uploads\/2024\/05\/couverture-Ailurophile_page-0001-1536x1215.jpg 1536w, https:\/\/www.marie-bourdon-expressions.fr\/wp-content\/uploads\/2024\/05\/couverture-Ailurophile_page-0001-379x300.jpg 379w, https:\/\/www.marie-bourdon-expressions.fr\/wp-content\/uploads\/2024\/05\/couverture-Ailurophile_page-0001.jpg 1542w\" sizes=\"auto, (max-width: 1024px) 100vw, 1024px\" \/><\/figure>\n\n\n\n<p><\/p>\n","protected":false},"excerpt":{"rendered":"<p>Pierre de Lune est l&rsquo;auto \u00e9dition que j&rsquo;ai cr\u00e9\u00e9e. Le lien de ma boutique en ligne https:\/\/domouk.com\/shop\/pierredelune Je r\u00e9dige \u00e9galement des BIOGRAPHIES qui peuvent \u00eatre publi\u00e9es. Vous pouvez retrouver mes publications Pierre de Lune \u00e9dition sur ma boutique en ligne &hellip; <a href=\"https:\/\/www.marie-bourdon-expressions.fr\/index.php\/pierre-de-lune-edition\/\">Continuer la lecture <span class=\"meta-nav\">&rarr;<\/span><\/a><\/p>\n","protected":false},"author":2,"featured_media":0,"parent":0,"menu_order":0,"comment_status":"closed","ping_status":"closed","template":"","meta":{"ngg_post_thumbnail":0,"footnotes":""},"class_list":["post-724","page","type-page","status-publish","hentry"],"_links":{"self":[{"href":"https:\/\/www.marie-bourdon-expressions.fr\/index.php\/wp-json\/wp\/v2\/pages\/724","targetHints":{"allow":["GET"]}}],"collection":[{"href":"https:\/\/www.marie-bourdon-expressions.fr\/index.php\/wp-json\/wp\/v2\/pages"}],"about":[{"href":"https:\/\/www.marie-bourdon-expressions.fr\/index.php\/wp-json\/wp\/v2\/types\/page"}],"author":[{"embeddable":true,"href":"https:\/\/www.marie-bourdon-expressions.fr\/index.php\/wp-json\/wp\/v2\/users\/2"}],"replies":[{"embeddable":true,"href":"https:\/\/www.marie-bourdon-expressions.fr\/index.php\/wp-json\/wp\/v2\/comments?post=724"}],"version-history":[{"count":16,"href":"https:\/\/www.marie-bourdon-expressions.fr\/index.php\/wp-json\/wp\/v2\/pages\/724\/revisions"}],"predecessor-version":[{"id":1034,"href":"https:\/\/www.marie-bourdon-expressions.fr\/index.php\/wp-json\/wp\/v2\/pages\/724\/revisions\/1034"}],"wp:attachment":[{"href":"https:\/\/www.marie-bourdon-expressions.fr\/index.php\/wp-json\/wp\/v2\/media?parent=724"}],"curies":[{"name":"wp","href":"https:\/\/api.w.org\/{rel}","templated":true}]}}