{"id":25,"date":"2011-12-04T09:58:59","date_gmt":"2011-12-04T09:58:59","guid":{"rendered":"http:\/\/spiru.elynx.fr\/?page_id=25"},"modified":"2011-12-04T09:58:59","modified_gmt":"2011-12-04T09:58:59","slug":"photographie","status":"publish","type":"page","link":"https:\/\/www.marie-bourdon-expressions.fr\/index.php\/photographie\/","title":{"rendered":"Photographie"},"content":{"rendered":"<p><span style=\"font-family: Nimbus Roman No9 L,Times New Roman,serif;\"><span style=\"font-size: medium;\">Quelque chose comme \u00e9crire, dessiner, peindre la lumi\u00e8re, la clart\u00e9.<\/span><\/span><\/p>\n<p><span style=\"font-family: Nimbus Roman No9 L,Times New Roman,serif;\"><span style=\"font-size: medium;\">L&rsquo;art des extr\u00eames, des oppositions, un monde de surprises.<\/span><\/span><\/p>\n<p><span style=\"font-family: Nimbus Roman No9 L,Times New Roman,serif;\"><span style=\"font-size: medium;\">Un monde magique.<\/span><\/span><\/p>\n<p><span style=\"font-family: Nimbus Roman No9 L,Times New Roman,serif;\"><span style=\"font-size: medium;\">Tout est l\u00e0, autour de moi et en moi. <\/span><\/span><\/p>\n<p><span style=\"font-family: Nimbus Roman No9 L,Times New Roman,serif;\"><span style=\"font-size: medium;\">Il y a mon \u0153il, mes yeux, le regard que je porte sur ce qui m&rsquo;entoure l\u00e0 o\u00f9 je suis, sur la vie. Ce qui s&rsquo;offre&#8230;ce que je veux bien voir. <\/span><\/span><\/p>\n<p><span style=\"font-family: Nimbus Roman No9 L,Times New Roman,serif;\"><span style=\"font-size: medium;\">Mon regard qui s&rsquo;aiguise au fil des jours, du temps qui passe.<\/span><\/span><\/p>\n<p><span style=\"font-family: Nimbus Roman No9 L,Times New Roman,serif;\"><span style=\"font-size: medium;\"> Photographier : fixer l&rsquo;instant fugace, arr\u00eater le mouvement dans son \u00e9lan, dans son vol. Rendu immobile. <\/span><\/span><\/p>\n<p><span style=\"font-family: Nimbus Roman No9 L,Times New Roman,serif;\"><span style=\"font-size: medium;\">Faire bouger, vibrer l&rsquo;inerte, en lui donnant vie. Oppos\u00e9s. <\/span><\/span><\/p>\n<p><span style=\"font-family: Nimbus Roman No9 L,Times New Roman,serif;\"><span style=\"font-size: medium;\">Photographier : jouer avec la lumi\u00e8re, composer avec elle, lever le nez et les yeux vers le ciel, observer les nuages, guetter le soleil qui va percer. <\/span><\/span><\/p>\n<p><span style=\"font-family: Nimbus Roman No9 L,Times New Roman,serif;\"><span style=\"font-size: medium;\">Sans communion avec la nature, avec les \u00e9l\u00e9ments, pas de photographie pour moi. Je sais que ce moment est unique, \u00e9ph\u00e9m\u00e8re. <\/span><\/span><\/p>\n<p><span style=\"font-family: Nimbus Roman No9 L,Times New Roman,serif;\"><span style=\"font-size: medium;\">Magique&#8230;ce qui se d\u00e9voile peu \u00e0 peu, quand l&rsquo;image appara\u00eet .<\/span><\/span><\/p>\n<p><span style=\"font-family: Nimbus Roman No9 L,Times New Roman,serif;\"><span style=\"font-size: medium;\"> Attente&#8230;f\u00e9brilit\u00e9 de ce qui voudra bien se montrer, de ce que je n&rsquo;avais pas vu et qui surgit. Surprise\u00a0 !<\/span><\/span><\/p>\n<p><span style=\"font-family: Nimbus Roman No9 L,Times New Roman,serif;\"><span style=\"font-size: medium;\">Instant fix\u00e9 tel que je le voulais. Osmose parfaite. Contentement des sens. <\/span><\/span><\/p>\n<p><span style=\"font-family: Nimbus Roman No9 L,Times New Roman,serif;\"><span style=\"font-size: medium;\">Elle est inscrite dans ma m\u00e9moire. Je peux sentir les parfums, les odeurs du moment \u00abT\u00bb, retrouver l&rsquo;\u00e9motion ancr\u00e9e au fond de mon \u00e2me \u00e0 l&rsquo;instant du d\u00e9clic. <\/span><\/span><\/p>\n<p><span style=\"font-family: Nimbus Roman No9 L,Times New Roman,serif;\"><span style=\"font-size: medium;\">De cet instant pr\u00e9cis, de ce temps arr\u00eat\u00e9, suspendu, je peux me souvenir de tout. Voyager dans le pass\u00e9. Chaque photographie est li\u00e9e \u00e0 ces \u00e9motions, et vient en cr\u00e9er d&rsquo;autres. <\/span><\/span><\/p>\n<p><span style=\"font-family: Nimbus Roman No9 L,Times New Roman,serif;\"><span style=\"font-size: medium;\">Photographie, graphe de la vie&#8230; <\/span><\/span><\/p>\n<p><span style=\"font-family: Nimbus Roman No9 L,Times New Roman,serif;\"><span style=\"font-size: medium;\">Chacun ensuite, chaque \u00abregardeur\u00bb, viendra se raconter une histoire, son histoire. Qui sera autre, qui sera sienne. <\/span><\/span><\/p>\n<p><span style=\"font-family: Nimbus Roman No9 L,Times New Roman,serif;\"><span style=\"font-size: medium;\"><em><strong>Marie Bourdon<br \/>\n<\/strong><\/em><\/span><\/span><\/p>\n<p>&nbsp;<\/p>\n<p>&nbsp;<\/p>\n","protected":false},"excerpt":{"rendered":"<p>Quelque chose comme \u00e9crire, dessiner, peindre la lumi\u00e8re, la clart\u00e9. L&rsquo;art des extr\u00eames, des oppositions, un monde de surprises. Un monde magique. Tout est l\u00e0, autour de moi et en moi. Il y a mon \u0153il, mes yeux, le regard &hellip; <a href=\"https:\/\/www.marie-bourdon-expressions.fr\/index.php\/photographie\/\">Continuer la lecture <span class=\"meta-nav\">&rarr;<\/span><\/a><\/p>\n","protected":false},"author":2,"featured_media":0,"parent":0,"menu_order":2,"comment_status":"closed","ping_status":"closed","template":"","meta":{"ngg_post_thumbnail":0,"footnotes":""},"class_list":["post-25","page","type-page","status-publish","hentry"],"_links":{"self":[{"href":"https:\/\/www.marie-bourdon-expressions.fr\/index.php\/wp-json\/wp\/v2\/pages\/25","targetHints":{"allow":["GET"]}}],"collection":[{"href":"https:\/\/www.marie-bourdon-expressions.fr\/index.php\/wp-json\/wp\/v2\/pages"}],"about":[{"href":"https:\/\/www.marie-bourdon-expressions.fr\/index.php\/wp-json\/wp\/v2\/types\/page"}],"author":[{"embeddable":true,"href":"https:\/\/www.marie-bourdon-expressions.fr\/index.php\/wp-json\/wp\/v2\/users\/2"}],"replies":[{"embeddable":true,"href":"https:\/\/www.marie-bourdon-expressions.fr\/index.php\/wp-json\/wp\/v2\/comments?post=25"}],"version-history":[{"count":0,"href":"https:\/\/www.marie-bourdon-expressions.fr\/index.php\/wp-json\/wp\/v2\/pages\/25\/revisions"}],"wp:attachment":[{"href":"https:\/\/www.marie-bourdon-expressions.fr\/index.php\/wp-json\/wp\/v2\/media?parent=25"}],"curies":[{"name":"wp","href":"https:\/\/api.w.org\/{rel}","templated":true}]}}