{"id":23,"date":"2011-12-04T09:57:44","date_gmt":"2011-12-04T09:57:44","guid":{"rendered":"http:\/\/spiru.elynx.fr\/?page_id=23"},"modified":"2011-12-04T09:57:44","modified_gmt":"2011-12-04T09:57:44","slug":"accueil","status":"publish","type":"page","link":"https:\/\/www.marie-bourdon-expressions.fr\/","title":{"rendered":"Accueil"},"content":{"rendered":"<p><span style=\"font-family: Nimbus Roman No9 L,Times New Roman,serif;\"><span style=\"font-size: medium;\">\u00c7a s&rsquo;\u00e9crit. \u00c7a \u00e9chappe, \u00e7a vient de je ne sais o\u00f9. Comme une urgence, un imp\u00e9ratif, une n\u00e9cessit\u00e9. Ma main n&rsquo;est que l&rsquo;instrument d&rsquo;une pens\u00e9e form\u00e9e hors de moi, ou plus exactement au fond de moi, de mon inconscient. C&rsquo;est lui qui furtivement se d\u00e9voile et me surprend. C&rsquo;est \u00e9trange. A la fois \u00e9trang\u00e8re et tellement mienne. C&rsquo;est l&rsquo;\u00e9criture. Celle de la po\u00e9sie, de la musique, du surgissement fugace incontr\u00f4l\u00e9.<br \/>\nJe marche seule en pleine nature, en osmose avec elle, et les mots s&rsquo;\u00e9crivent, l&rsquo;imaginaire d\u00e9brid\u00e9 s&rsquo;amuse, la page blanche devient espace de libert\u00e9.<\/span><\/span><\/p>\n<p><span style=\"font-family: Nimbus Roman No9 L,Times New Roman,serif;\"><span style=\"font-size: medium;\">Du plus profond d&rsquo;une autre solitude, l&rsquo;\u00e9crit vient marquer l&rsquo;instant du ressenti, d\u00e9pos\u00e9 dans les mots. La distance se cr\u00e9e, les maux sont dat\u00e9s \u00e0 l&rsquo;heure exacte. Un autre temps peut commencer, plus l\u00e9ger.<\/span><\/span><\/p>\n<p><span style=\"font-family: Nimbus Roman No9 L,Times New Roman,serif;\"><span style=\"font-size: medium;\">Je regarde une image, un tableau, quelque chose qui me parle, l&rsquo;\u00e9criture alors prend \u00e0 nouveau l&rsquo;air de la libert\u00e9.<br \/>\n\u00c7a s&rsquo;\u00e9crit comme un myst\u00e8re. \u00c7a prend forme, \u00e7a vit.<\/span><\/span><\/p>\n<p><span style=\"font-family: Nimbus Roman No9 L,Times New Roman,serif;\"><span style=\"font-size: medium;\"><em>Marie Bourdon<br \/>\n<\/em><\/span><\/span><\/p>\n<p><span style=\"font-family: Nimbus Roman No9 L,Times New Roman,serif;\"><span style=\"font-size: medium;\">La photographie est entr\u00e9e doucement dans ma vie. A pas feutr\u00e9s. Elle s&rsquo;est install\u00e9e, s&rsquo;est impos\u00e9e, et je l&rsquo;ai accueillie, yeux grands ouverts sur le monde, sur ce qui m&rsquo;entoure. Aujourd&rsquo;hui, je vis avec elle. Comme avec l&rsquo;\u00e9criture, la peinture, chacune \u00e0 leur mani\u00e8re. Puis est venu ce besoin de partager pour le plaisir. <\/span><\/span><\/p>\n<p><span style=\"font-family: Nimbus Roman No9 L,Times New Roman,serif;\"><span style=\"font-size: medium;\">\u00ab\u00a0Nulle part ailleurs, je n&rsquo;aurais eu le privil\u00e8ge de rencontrer tant d&rsquo;individus diff\u00e9rents, que dans cette cour de r\u00e9cr\u00e9ation o\u00f9 j&rsquo;ai jou\u00e9 un photographe ambulant.\u00a0\u00bb\u00a0\u00a0\u00a0\u00a0<em> Robert Doisneau\u00a0 \u00a0 \u00a0 \u00a0 \u00a0 \u00a0 \u00a0 \u00a0 \u00a0 \u00a0 \u00a0 \u00a0 \u00a0 \u00a0 \u00a0 \u00a0 \u00a0 \u00a0 \u00a0 \u00a0 \u00a0 \u00a0 \u00a0 \u00a0 \u00a0 \u00a0 \u00a0 \u00a0 \u00a0 \u00a0 \u00a0 \u00a0 \u00a0 \u00a0 \u00a0 \u00a0 \u00a0 \u00a0 \u00a0 \u00a0 \u00a0 \u00a0 \u00a0 \u00a0 \u00a0 \u00a0 \u00a0 \u00a0 \u00a0 \u00a0 \u00a0 \u00a0 \u00a0\u00a0<\/em><br \/>\n<\/span><\/span><\/p>\n","protected":false},"excerpt":{"rendered":"<p>\u00c7a s&rsquo;\u00e9crit. \u00c7a \u00e9chappe, \u00e7a vient de je ne sais o\u00f9. Comme une urgence, un imp\u00e9ratif, une n\u00e9cessit\u00e9. Ma main n&rsquo;est que l&rsquo;instrument d&rsquo;une pens\u00e9e form\u00e9e hors de moi, ou plus exactement au fond de moi, de mon inconscient. C&rsquo;est &hellip; <a href=\"https:\/\/www.marie-bourdon-expressions.fr\/\">Continuer la lecture <span class=\"meta-nav\">&rarr;<\/span><\/a><\/p>\n","protected":false},"author":2,"featured_media":0,"parent":0,"menu_order":0,"comment_status":"closed","ping_status":"closed","template":"","meta":{"ngg_post_thumbnail":0,"footnotes":""},"class_list":["post-23","page","type-page","status-publish","hentry"],"_links":{"self":[{"href":"https:\/\/www.marie-bourdon-expressions.fr\/index.php\/wp-json\/wp\/v2\/pages\/23","targetHints":{"allow":["GET"]}}],"collection":[{"href":"https:\/\/www.marie-bourdon-expressions.fr\/index.php\/wp-json\/wp\/v2\/pages"}],"about":[{"href":"https:\/\/www.marie-bourdon-expressions.fr\/index.php\/wp-json\/wp\/v2\/types\/page"}],"author":[{"embeddable":true,"href":"https:\/\/www.marie-bourdon-expressions.fr\/index.php\/wp-json\/wp\/v2\/users\/2"}],"replies":[{"embeddable":true,"href":"https:\/\/www.marie-bourdon-expressions.fr\/index.php\/wp-json\/wp\/v2\/comments?post=23"}],"version-history":[{"count":0,"href":"https:\/\/www.marie-bourdon-expressions.fr\/index.php\/wp-json\/wp\/v2\/pages\/23\/revisions"}],"wp:attachment":[{"href":"https:\/\/www.marie-bourdon-expressions.fr\/index.php\/wp-json\/wp\/v2\/media?parent=23"}],"curies":[{"name":"wp","href":"https:\/\/api.w.org\/{rel}","templated":true}]}}